{"id":29023,"date":"2022-09-06T14:22:13","date_gmt":"2022-09-06T12:22:13","guid":{"rendered":"https:\/\/tax-services.ch\/contact-2\/"},"modified":"2024-10-01T13:07:45","modified_gmt":"2024-10-01T11:07:45","slug":"contact","status":"publish","type":"page","link":"https:\/\/www.tax-services.ch\/fr\/contact\/","title":{"rendered":"Contact"},"content":{"rendered":"\t\t<div data-elementor-type=\"wp-page\" data-elementor-id=\"29023\" class=\"elementor elementor-29023\" data-elementor-post-type=\"page\">\n\t\t\t\t\t\t<section class=\"elementor-section elementor-top-section elementor-element elementor-element-38830630 elementor-section-height-min-height elementor-section-items-stretch elementor-section-content-middle elementor-section-boxed elementor-section-height-default\" data-id=\"38830630\" data-element_type=\"section\" data-e-type=\"section\">\n\t\t\t\t\t\t<div class=\"elementor-container elementor-column-gap-no\">\n\t\t\t\t\t<div class=\"elementor-column elementor-col-50 elementor-top-column elementor-element elementor-element-40b9c444\" data-id=\"40b9c444\" data-element_type=\"column\" data-e-type=\"column\">\n\t\t\t<div class=\"elementor-widget-wrap elementor-element-populated\">\n\t\t\t\t\t\t<div class=\"elementor-element elementor-element-3fcd18e8 elementor-widget elementor-widget-heading\" data-id=\"3fcd18e8\" data-element_type=\"widget\" data-e-type=\"widget\" data-widget_type=\"heading.default\">\n\t\t\t\t<div class=\"elementor-widget-container\">\n\t\t\t\t\t<h1 class=\"elementor-heading-title elementor-size-default\">Contactez-nous<\/h1>\t\t\t\t<\/div>\n\t\t\t\t<\/div>\n\t\t\t\t<div class=\"elementor-element elementor-element-90dbcc0 elementor-widget elementor-widget-text-editor\" data-id=\"90dbcc0\" data-element_type=\"widget\" data-e-type=\"widget\" data-widget_type=\"text-editor.default\">\n\t\t\t\t<div class=\"elementor-widget-container\">\n\t\t\t\t\t\t\t\t\t<p>Contactez-nous afin de convenir d&rsquo;un entretien ou pour toute question que vous pourriez avoir sur nos services.<\/p>\t\t\t\t\t\t\t\t<\/div>\n\t\t\t\t<\/div>\n\t\t\t\t<div class=\"elementor-element elementor-element-7be44ba9 elementor-button-align-end elementor-mobile-button-align-stretch elementor-widget elementor-widget-form\" data-id=\"7be44ba9\" data-element_type=\"widget\" data-e-type=\"widget\" data-settings=\"{&quot;step_next_label&quot;:&quot;Suivant&quot;,&quot;step_previous_label&quot;:&quot;Pr\\u00e9c\\u00e9dent&quot;,&quot;button_width&quot;:&quot;100&quot;,&quot;step_type&quot;:&quot;number_text&quot;,&quot;step_icon_shape&quot;:&quot;circle&quot;}\" data-widget_type=\"form.default\">\n\t\t\t\t<div class=\"elementor-widget-container\">\n\t\t\t\t\t\t\t<form class=\"elementor-form\" method=\"post\" name=\"Contact Form\" aria-label=\"Contact Form\">\n\t\t\t<input type=\"hidden\" name=\"post_id\" value=\"29023\"\/>\n\t\t\t<input type=\"hidden\" name=\"form_id\" value=\"7be44ba9\"\/>\n\t\t\t<input type=\"hidden\" name=\"referer_title\" value=\"Contact - TaxFlow\" \/>\n\n\t\t\t\t\t\t\t<input type=\"hidden\" name=\"queried_id\" value=\"29023\"\/>\n\t\t\t\n\t\t\t<div class=\"elementor-form-fields-wrapper elementor-labels-\">\n\t\t\t\t\t\t\t\t<div class=\"elementor-field-type-text elementor-field-group elementor-column elementor-field-group-name elementor-col-50 elementor-field-required\">\n\t\t\t\t\t\t\t\t\t\t\t\t<label for=\"form-field-name\" class=\"elementor-field-label elementor-screen-only\">\n\t\t\t\t\t\t\t\tPr\u00e9nom\t\t\t\t\t\t\t<\/label>\n\t\t\t\t\t\t\t\t\t\t\t\t\t\t<input size=\"1\" type=\"text\" name=\"form_fields[name]\" id=\"form-field-name\" class=\"elementor-field elementor-size-lg  elementor-field-textual\" placeholder=\"Pr\u00e9nom\" required=\"required\">\n\t\t\t\t\t\t\t\t\t\t\t<\/div>\n\t\t\t\t\t\t\t\t<div class=\"elementor-field-type-text elementor-field-group elementor-column elementor-field-group-field_580d926 elementor-col-50 elementor-field-required\">\n\t\t\t\t\t\t\t\t\t\t\t\t<label for=\"form-field-field_580d926\" class=\"elementor-field-label elementor-screen-only\">\n\t\t\t\t\t\t\t\tNom\t\t\t\t\t\t\t<\/label>\n\t\t\t\t\t\t\t\t\t\t\t\t\t\t<input size=\"1\" type=\"text\" name=\"form_fields[field_580d926]\" id=\"form-field-field_580d926\" class=\"elementor-field elementor-size-lg  elementor-field-textual\" placeholder=\"Nom\" required=\"required\">\n\t\t\t\t\t\t\t\t\t\t\t<\/div>\n\t\t\t\t\t\t\t\t<div class=\"elementor-field-type-email elementor-field-group elementor-column elementor-field-group-field_be54099 elementor-col-50 elementor-field-required\">\n\t\t\t\t\t\t\t\t\t\t\t\t<label for=\"form-field-field_be54099\" class=\"elementor-field-label elementor-screen-only\">\n\t\t\t\t\t\t\t\tE-mail\t\t\t\t\t\t\t<\/label>\n\t\t\t\t\t\t\t\t\t\t\t\t\t\t<input size=\"1\" type=\"email\" name=\"form_fields[field_be54099]\" id=\"form-field-field_be54099\" class=\"elementor-field elementor-size-lg  elementor-field-textual\" placeholder=\"E-mail\" required=\"required\">\n\t\t\t\t\t\t\t\t\t\t\t<\/div>\n\t\t\t\t\t\t\t\t<div class=\"elementor-field-type-tel elementor-field-group elementor-column elementor-field-group-email elementor-col-50 elementor-field-required\">\n\t\t\t\t\t\t\t\t\t\t\t\t<label for=\"form-field-email\" class=\"elementor-field-label elementor-screen-only\">\n\t\t\t\t\t\t\t\tT\u00e9l\u00e9phone\t\t\t\t\t\t\t<\/label>\n\t\t\t\t\t\t\t\t<input size=\"1\" type=\"tel\" name=\"form_fields[email]\" id=\"form-field-email\" class=\"elementor-field elementor-size-lg  elementor-field-textual\" placeholder=\"T\u00e9l\u00e9phone\" required=\"required\" pattern=\"[0-9()#&amp;+*-=.]+\" title=\"Seuls les caract\u00e8res de num\u00e9ros de t\u00e9l\u00e9phone (#, -, *, etc.) sont accept\u00e9s.\">\n\n\t\t\t\t\t\t<\/div>\n\t\t\t\t\t\t\t\t<div class=\"elementor-field-type-textarea elementor-field-group elementor-column elementor-field-group-message elementor-col-100 elementor-field-required\">\n\t\t\t\t\t\t\t\t\t\t\t\t<label for=\"form-field-message\" class=\"elementor-field-label elementor-screen-only\">\n\t\t\t\t\t\t\t\tMessage\t\t\t\t\t\t\t<\/label>\n\t\t\t\t\t\t<textarea class=\"elementor-field-textual elementor-field  elementor-size-lg\" name=\"form_fields[message]\" id=\"form-field-message\" rows=\"5\" placeholder=\"Veuillez taper un message\" required=\"required\"><\/textarea>\t\t\t\t<\/div>\n\t\t\t\t\t\t\t\t<div class=\"elementor-field-type-acceptance elementor-field-group elementor-column elementor-field-group-field_95d522a elementor-col-100 elementor-field-required\">\n\t\t\t\t\t\t\t\t\t\t\t\t<label for=\"form-field-field_95d522a\" class=\"elementor-field-label elementor-screen-only\">\n\t\t\t\t\t\t\t\tPolitique privacit\u00e9\t\t\t\t\t\t\t<\/label>\n\t\t\t\t\t\t\t\t<div class=\"elementor-field-subgroup\">\n\t\t\t<span class=\"elementor-field-option\">\n\t\t\t\t<input type=\"checkbox\" name=\"form_fields[field_95d522a]\" id=\"form-field-field_95d522a\" class=\"elementor-field elementor-size-lg  elementor-acceptance-field\" required=\"required\">\n\t\t\t\t<label for=\"form-field-field_95d522a\">J'accepte la <a href=\"https:\/\/tax-services.ch\/fr\/politique-de-privacite\/\">politique de confidentialit\u00e9<\/a><\/label>\t\t\t<\/span>\n\t\t<\/div>\n\t\t\t\t\t\t<\/div>\n\t\t\t\t\t\t\t\t<div class=\"elementor-field-type-recaptcha elementor-field-group elementor-column elementor-field-group-field_1db369b elementor-col-100\">\n\t\t\t\t\t<div class=\"elementor-field\" id=\"form-field-field_1db369b\"><div class=\"elementor-g-recaptcha\" data-sitekey=\"6LcMlRAqAAAAAKb7SHb5GpKlOEvCsXOmfo07yEnZ\" data-type=\"v2_checkbox\" data-theme=\"light\" data-size=\"normal\"><\/div><\/div>\t\t\t\t<\/div>\n\t\t\t\t\t\t\t\t<div class=\"elementor-field-type-text\">\n\t\t\t\t\t<input size=\"1\" type=\"text\" name=\"form_fields[field_12ce3ae]\" id=\"form-field-field_12ce3ae\" class=\"elementor-field elementor-size-lg \" style=\"display:none !important;\">\t\t\t\t<\/div>\n\t\t\t\t\t\t\t\t<div class=\"elementor-field-type-text\">\n\t\t\t\t\t<input size=\"1\" type=\"text\" name=\"form_fields[field_85d66eb]\" id=\"form-field-field_85d66eb\" class=\"elementor-field elementor-size-lg \" style=\"display:none !important;\">\t\t\t\t<\/div>\n\t\t\t\t\t\t\t\t<div class=\"elementor-field-type-text\">\n\t\t\t\t\t<input size=\"1\" type=\"text\" name=\"form_fields[field_111e0ed]\" id=\"form-field-field_111e0ed\" class=\"elementor-field elementor-size-lg \" style=\"display:none !important;\">\t\t\t\t<\/div>\n\t\t\t\t\t\t\t\t<div class=\"elementor-field-type-text\">\n\t\t\t\t\t<input size=\"1\" type=\"text\" name=\"form_fields[field_069d71c]\" id=\"form-field-field_069d71c\" class=\"elementor-field elementor-size-lg \" style=\"display:none !important;\">\t\t\t\t<\/div>\n\t\t\t\t\t\t\t\t<div class=\"elementor-field-group elementor-column elementor-field-type-submit elementor-col-100 e-form__buttons\">\n\t\t\t\t\t<button class=\"elementor-button elementor-size-lg\" type=\"submit\">\n\t\t\t\t\t\t<span class=\"elementor-button-content-wrapper\">\n\t\t\t\t\t\t\t\t\t\t\t\t\t\t\t<span class=\"elementor-button-icon\">\n\t\t\t\t\t\t\t\t\t<svg xmlns=\"http:\/\/www.w3.org\/2000\/svg\" id=\"ba70b1c4-5bae-4555-bc07-a843f0555fc7\" data-name=\"Layer 1\" viewBox=\"0 0 32.979 32\"><g id=\"b56c1629-3605-49a6-a5a2-6e0ad1366455\" data-name=\"Page-1\"><g id=\"b672b96b-826c-4d33-a4d3-1399b300653f\" data-name=\"Homepage\"><g id=\"ba7d1b89-bd75-4e14-908f-0f1da3ccafb5\" data-name=\"Section-2\"><g id=\"ec5a0e1c-5428-4b9d-a5e5-e88cfab1314c\" data-name=\"Group-14\"><g id=\"bbdb9cc5-333a-42d8-a01d-00241f0ac5b5\" data-name=\"checked\"><path id=\"b7a04dda-4f32-4d1e-b028-755732165484\" data-name=\"Path\" d=\"M32.6244,1.0123A1.2067,1.2067,0,0,0,30.9076,1.01L15.3627,18.009l-3.9646-4.0539a1.2074,1.2074,0,0,0-1.7156-.0715,1.2318,1.2318,0,0,0-.0708,1.73l4.82,4.991A1.2083,1.2083,0,0,0,15.3,21l.026,0a1.2107,1.2107,0,0,0,.8572-.3571L32.6221,2.7441A1.2317,1.2317,0,0,0,32.6244,1.0123Z\"><\/path><path id=\"f50529a8-5597-4376-bdaf-5cbaa66b1afb\" data-name=\"Path\" d=\"M30.7939,14.7939A1.206,1.206,0,0,0,29.5879,16,13.5879,13.5879,0,1,1,16,2.4121,1.2061,1.2061,0,1,0,16,0,16,16,0,1,0,32,16,1.206,1.206,0,0,0,30.7939,14.7939Z\"><\/path><\/g><\/g><\/g><\/g><\/g><\/svg>\t\t\t\t\t\t\t\t\t\t\t\t\t\t\t\t\t<\/span>\n\t\t\t\t\t\t\t\t\t\t\t\t\t\t\t\t\t\t\t\t\t\t<span class=\"elementor-button-text\">Envoyer<\/span>\n\t\t\t\t\t\t\t\t\t\t\t\t\t<\/span>\n\t\t\t\t\t<\/button>\n\t\t\t\t<\/div>\n\t\t\t<\/div>\n\t\t<\/form>\n\t\t\t\t\t\t<\/div>\n\t\t\t\t<\/div>\n\t\t\t\t\t<\/div>\n\t\t<\/div>\n\t\t\t\t<div class=\"elementor-column elementor-col-50 elementor-top-column elementor-element elementor-element-287cd490\" data-id=\"287cd490\" data-element_type=\"column\" data-e-type=\"column\">\n\t\t\t<div class=\"elementor-widget-wrap elementor-element-populated\">\n\t\t\t\t\t\t<section class=\"elementor-section elementor-inner-section elementor-element elementor-element-0791854 elementor-section-full_width elementor-section-height-min-height elementor-section-content-top elementor-section-height-default elementor-invisible\" data-id=\"0791854\" data-element_type=\"section\" data-e-type=\"section\" data-settings=\"{&quot;animation&quot;:&quot;fadeIn&quot;,&quot;animation_mobile&quot;:&quot;none&quot;,&quot;animation_delay&quot;:&quot;200&quot;}\">\n\t\t\t\t\t\t<div class=\"elementor-container elementor-column-gap-default\">\n\t\t\t\t\t<div class=\"elementor-column elementor-col-100 elementor-inner-column elementor-element elementor-element-5929ac8\" data-id=\"5929ac8\" data-element_type=\"column\" data-e-type=\"column\">\n\t\t\t<div class=\"elementor-widget-wrap elementor-element-populated\">\n\t\t\t\t\t\t<div class=\"elementor-element elementor-element-ee7f893 elementor-widget elementor-widget-text-editor\" data-id=\"ee7f893\" data-element_type=\"widget\" data-e-type=\"widget\" data-widget_type=\"text-editor.default\">\n\t\t\t\t<div class=\"elementor-widget-container\">\n\t\t\t\t\t\t\t\t\t<p>Heures d&rsquo;ouverture<\/p>\t\t\t\t\t\t\t\t<\/div>\n\t\t\t\t<\/div>\n\t\t\t\t<div class=\"elementor-element elementor-element-5acf9e1 elementor-widget elementor-widget-text-editor\" data-id=\"5acf9e1\" data-element_type=\"widget\" data-e-type=\"widget\" data-widget_type=\"text-editor.default\">\n\t\t\t\t<div class=\"elementor-widget-container\">\n\t\t\t\t\t\t\t\t\t<p><strong>Lundi-Vendredi<\/strong> 9:00 &#8211; 18:00<br \/><strong>Samedi-Dimanche<\/strong> Ferm\u00e9<\/p>\t\t\t\t\t\t\t\t<\/div>\n\t\t\t\t<\/div>\n\t\t\t\t<div class=\"elementor-element elementor-element-a1b8ec3 elementor-widget elementor-widget-text-editor\" data-id=\"a1b8ec3\" data-element_type=\"widget\" data-e-type=\"widget\" data-widget_type=\"text-editor.default\">\n\t\t\t\t<div class=\"elementor-widget-container\">\n\t\t\t\t\t\t\t\t\t<p>Contact<\/p>\t\t\t\t\t\t\t\t<\/div>\n\t\t\t\t<\/div>\n\t\t\t\t<div class=\"elementor-element elementor-element-6b304ec elementor-icon-list--layout-traditional elementor-list-item-link-full_width elementor-widget elementor-widget-icon-list\" data-id=\"6b304ec\" data-element_type=\"widget\" data-e-type=\"widget\" data-widget_type=\"icon-list.default\">\n\t\t\t\t<div class=\"elementor-widget-container\">\n\t\t\t\t\t\t\t<ul class=\"elementor-icon-list-items\">\n\t\t\t\t\t\t\t<li class=\"elementor-icon-list-item\">\n\t\t\t\t\t\t\t\t\t\t\t<span class=\"elementor-icon-list-icon\">\n\t\t\t\t\t\t\t<i aria-hidden=\"true\" class=\"fas fa-phone\"><\/i>\t\t\t\t\t\t<\/span>\n\t\t\t\t\t\t\t\t\t\t<span class=\"elementor-icon-list-text\">+41 22 548 17 99<\/span>\n\t\t\t\t\t\t\t\t\t<\/li>\n\t\t\t\t\t\t\t\t<li class=\"elementor-icon-list-item\">\n\t\t\t\t\t\t\t\t\t\t\t<span class=\"elementor-icon-list-icon\">\n\t\t\t\t\t\t\t<i aria-hidden=\"true\" class=\"fas fa-mail-bulk\"><\/i>\t\t\t\t\t\t<\/span>\n\t\t\t\t\t\t\t\t\t\t<span class=\"elementor-icon-list-text\">info@tax-services.ch<\/span>\n\t\t\t\t\t\t\t\t\t<\/li>\n\t\t\t\t\t\t<\/ul>\n\t\t\t\t\t\t<\/div>\n\t\t\t\t<\/div>\n\t\t\t\t\t<\/div>\n\t\t<\/div>\n\t\t\t\t\t<\/div>\n\t\t<\/section>\n\t\t\t\t\t<\/div>\n\t\t<\/div>\n\t\t\t\t\t<\/div>\n\t\t<\/section>\n\t\t\t\t<section class=\"elementor-section elementor-top-section elementor-element elementor-element-779a75b elementor-section-boxed elementor-section-height-default elementor-section-height-default\" data-id=\"779a75b\" data-element_type=\"section\" data-e-type=\"section\">\n\t\t\t\t\t\t<div class=\"elementor-container elementor-column-gap-default\">\n\t\t\t\t\t<div class=\"elementor-column elementor-col-100 elementor-top-column elementor-element elementor-element-56760d0\" data-id=\"56760d0\" data-element_type=\"column\" data-e-type=\"column\">\n\t\t\t<div class=\"elementor-widget-wrap elementor-element-populated\">\n\t\t\t\t\t\t<div class=\"elementor-element elementor-element-5c215f2 elementor-invisible elementor-widget elementor-widget-heading\" data-id=\"5c215f2\" data-element_type=\"widget\" data-e-type=\"widget\" data-settings=\"{&quot;_animation&quot;:&quot;fadeIn&quot;,&quot;_animation_mobile&quot;:&quot;none&quot;}\" data-widget_type=\"heading.default\">\n\t\t\t\t<div class=\"elementor-widget-container\">\n\t\t\t\t\t<h2 class=\"elementor-heading-title elementor-size-default\">Adresses utiles<\/h2>\t\t\t\t<\/div>\n\t\t\t\t<\/div>\n\t\t\t\t<section class=\"elementor-section elementor-inner-section elementor-element elementor-element-fa6b625 elementor-section-full_width elementor-section-height-min-height elementor-section-content-top elementor-section-height-default elementor-invisible\" data-id=\"fa6b625\" data-element_type=\"section\" data-e-type=\"section\" data-settings=\"{&quot;animation&quot;:&quot;fadeIn&quot;,&quot;animation_mobile&quot;:&quot;none&quot;,&quot;animation_delay&quot;:&quot;200&quot;}\">\n\t\t\t\t\t\t<div class=\"elementor-container elementor-column-gap-default\">\n\t\t\t\t\t<div class=\"elementor-column elementor-col-50 elementor-inner-column elementor-element elementor-element-5f8c899\" data-id=\"5f8c899\" data-element_type=\"column\" data-e-type=\"column\">\n\t\t\t<div class=\"elementor-widget-wrap elementor-element-populated\">\n\t\t\t\t\t\t<div class=\"elementor-element elementor-element-3276035 elementor-widget elementor-widget-text-editor\" data-id=\"3276035\" data-element_type=\"widget\" data-e-type=\"widget\" data-widget_type=\"text-editor.default\">\n\t\t\t\t<div class=\"elementor-widget-container\">\n\t\t\t\t\t\t\t\t\t<p>AFC Gen\u00e8ve (Administration Fiscale Cantonale)<\/p>\t\t\t\t\t\t\t\t<\/div>\n\t\t\t\t<\/div>\n\t\t\t\t<div class=\"elementor-element elementor-element-9da4155 elementor-widget elementor-widget-text-editor\" data-id=\"9da4155\" data-element_type=\"widget\" data-e-type=\"widget\" data-widget_type=\"text-editor.default\">\n\t\t\t\t<div class=\"elementor-widget-container\">\n\t\t\t\t\t\t\t\t\t<p><a href=\"https:\/\/www.google.ch\/search?q=H%C3%B4tel+des+Finances&amp;ludocid=7617529286652546195&amp;gsas=1&amp;lsig=AB86z5WCrwcTDoeeHoIRXJUYB_q3&amp;sa=X&amp;ved=2ahUKEwis6baJpaP6AhXM34UKHfsCDZAQ8G0oAHoECFMQAQ\" target=\"_blank\" rel=\"noopener\">H\u00f4tel des Finances<\/a><\/p><p><span class=\"LrzXr\">Rue du Stand 26 <\/span><\/p><p><span class=\"LrzXr\">1204 Gen\u00e8ve<br \/><\/span><\/p><p>T\u00e9l. <span class=\"LrzXr zdqRlf kno-fv\"><a href=\"https:\/\/www.google.ch\/search?q=afc+geneve&amp;ei=sZwpY5aHGpGPlwSZ55nYDw&amp;ved=0ahUKEwjWo8mZm6P6AhWRx4UKHZlzBvsQ4dUDCA0&amp;uact=5&amp;oq=afc+geneve&amp;gs_lcp=Cgdnd3Mtd2l6EAMyCwguEIAEEMcBEK8BMgUIABCABDIFCAAQgAQyBQgAEIAEMgUIABCABDIFCAAQgAQyBggAEB4QFjIGCAAQHhAWMgYIABAeEBYyBggAEB4QFjoKCAAQRxDWBBCwAzoHCAAQsAMQQzoNCAAQ5AIQ1gQQsAMYAToSCC4QxwEQ0QMQyAMQsAMQQxgCOgQIABBDOhEILhCABBCxAxCDARDHARDRAzoLCAAQgAQQsQMQgwE6CwguEIAEELEDEIMBOggIABCABBCxAzoICC4QsQMQgwE6BAgAEAM6FAguEIAEELEDEIMBEMcBENEDENQCOggIABCxAxCDAToICC4QgAQQsQM6EQguEIAEELEDEIMBEMcBEK8BOhQILhCABBCxAxCDARDHARCvARDUAjoFCC4QgAQ6DgguEIAEELEDEIMBENQCSgQIQRgASgQIRhgBUNUHWKURYM4SaAFwAXgAgAFmiAGGBpIBAzguMpgBAKABAcgBEcABAdoBBggBEAEYCdoBBggCEAEYCA&amp;sclient=gws-wiz#\" data-dtype=\"d3ph\" data-local-attribute=\"d3ph\" data-ved=\"2ahUKEwis6baJpaP6AhXM34UKHfsCDZAQkAgoAHoECFEQAw\" target=\"_blank\" rel=\"noopener\"><span aria-label=\"Appeler le +41 22 327 70 00\">+41 22 327 70 00<\/span><\/a><\/span><\/p><p class=\"rvps27\"><a class=\"rvts96\" href=\"http:\/\/www.ge.ch\/lc\/impots\" target=\"_blank\" rel=\"noopener\"><strong>www.ge.ch\/lc\/impots<\/strong><\/a><\/p><p class=\"rvps27\"><strong><span class=\"rvts97\"><a class=\"rvts17\" href=\"https:\/\/www.ge.ch\/contacter-afc\" target=\"_blank\" rel=\"noopener\">www.ge.ch\/contacter-afc<\/a><\/span><\/strong><\/p>\t\t\t\t\t\t\t\t<\/div>\n\t\t\t\t<\/div>\n\t\t\t\t\t<\/div>\n\t\t<\/div>\n\t\t\t\t<div class=\"elementor-column elementor-col-50 elementor-inner-column elementor-element elementor-element-c039c31\" data-id=\"c039c31\" data-element_type=\"column\" data-e-type=\"column\">\n\t\t\t<div class=\"elementor-widget-wrap elementor-element-populated\">\n\t\t\t\t\t\t<div class=\"elementor-element elementor-element-4a78d62 elementor-widget elementor-widget-text-editor\" data-id=\"4a78d62\" data-element_type=\"widget\" data-e-type=\"widget\" data-widget_type=\"text-editor.default\">\n\t\t\t\t<div class=\"elementor-widget-container\">\n\t\t\t\t\t\t\t\t\t<p>Liens utiles<\/p>\t\t\t\t\t\t\t\t<\/div>\n\t\t\t\t<\/div>\n\t\t\t\t<div class=\"elementor-element elementor-element-39a167d elementor-widget elementor-widget-text-editor\" data-id=\"39a167d\" data-element_type=\"widget\" data-e-type=\"widget\" data-widget_type=\"text-editor.default\">\n\t\t\t\t<div class=\"elementor-widget-container\">\n\t\t\t\t\t\t\t\t\t<p class=\"rvps27\"><strong><span class=\"rvts102\">Administration f\u00e9d\u00e9rale des contributions (AFC)<\/span><\/strong><\/p><p><a class=\"rvts17\" href=\"https:\/\/www.estv.admin.ch\" target=\"_blank\" rel=\"noopener\">www.estv.admin.ch<\/a><\/p><p>\u00a0<\/p><p><strong>Site officiel de l&rsquo;Etat de Gen\u00e8ve<\/strong><\/p><p><a href=\"https:\/\/www.ge.ch\/\" target=\"_blank\" rel=\"noopener\">www.ge.ch<\/a><\/p><p>\u00a0<\/p><p>Site de la Conf\u00e9d\u00e9ration suisse<\/p><p><a href=\"https:\/\/www.fedlex.admin.ch\/fr\/home\" target=\"_blank\" rel=\"noopener\">www.fedlex.admin.ch\/fr\/<\/a><\/p>\t\t\t\t\t\t\t\t<\/div>\n\t\t\t\t<\/div>\n\t\t\t\t\t<\/div>\n\t\t<\/div>\n\t\t\t\t\t<\/div>\n\t\t<\/section>\n\t\t\t\t\t<\/div>\n\t\t<\/div>\n\t\t\t\t\t<\/div>\n\t\t<\/section>\n\t\t\t\t<\/div>\n\t\t","protected":false},"excerpt":{"rendered":"<p>Contactez-nous Contactez-nous afin de convenir d&rsquo;un entretien ou pour toute question que vous pourriez avoir sur nos services. Heures d&rsquo;ouverture Lundi-Vendredi 9:00 &#8211; 18:00Samedi-Dimanche Ferm\u00e9 Contact +41 22 548 17 99 info@tax-services.ch Adresses utiles AFC Gen\u00e8ve (Administration Fiscale Cantonale) H\u00f4tel des Finances Rue du Stand 26 1204 Gen\u00e8ve T\u00e9l. +41 22 327 70 00 www.ge.ch\/lc\/impots [&hellip;]<\/p>\n","protected":false},"author":1,"featured_media":29325,"parent":0,"menu_order":0,"comment_status":"closed","ping_status":"closed","template":"elementor_header_footer","meta":{"_et_pb_use_builder":"","_et_pb_old_content":"","_et_gb_content_width":"","content-type":"","footnotes":""},"class_list":["post-29023","page","type-page","status-publish","has-post-thumbnail","hentry"],"_links":{"self":[{"href":"https:\/\/www.tax-services.ch\/fr\/wp-json\/wp\/v2\/pages\/29023","targetHints":{"allow":["GET"]}}],"collection":[{"href":"https:\/\/www.tax-services.ch\/fr\/wp-json\/wp\/v2\/pages"}],"about":[{"href":"https:\/\/www.tax-services.ch\/fr\/wp-json\/wp\/v2\/types\/page"}],"author":[{"embeddable":true,"href":"https:\/\/www.tax-services.ch\/fr\/wp-json\/wp\/v2\/users\/1"}],"replies":[{"embeddable":true,"href":"https:\/\/www.tax-services.ch\/fr\/wp-json\/wp\/v2\/comments?post=29023"}],"version-history":[{"count":99,"href":"https:\/\/www.tax-services.ch\/fr\/wp-json\/wp\/v2\/pages\/29023\/revisions"}],"predecessor-version":[{"id":33713,"href":"https:\/\/www.tax-services.ch\/fr\/wp-json\/wp\/v2\/pages\/29023\/revisions\/33713"}],"wp:featuredmedia":[{"embeddable":true,"href":"https:\/\/www.tax-services.ch\/fr\/wp-json\/wp\/v2\/media\/29325"}],"wp:attachment":[{"href":"https:\/\/www.tax-services.ch\/fr\/wp-json\/wp\/v2\/media?parent=29023"}],"curies":[{"name":"wp","href":"https:\/\/api.w.org\/{rel}","templated":true}]}}